{"id":18,"date":"2025-12-09T18:09:43","date_gmt":"2025-12-09T18:09:43","guid":{"rendered":"https:\/\/rodriguezyasociadosac.com\/?page_id=18"},"modified":"2025-12-22T18:49:14","modified_gmt":"2025-12-22T18:49:14","slug":"sucursales","status":"publish","type":"page","link":"https:\/\/rodriguezyasociadosac.com\/?page_id=18","title":{"rendered":"Sucursales"},"content":{"rendered":"[et_pb_section fb_built=\u00bb1&#8243; admin_label=\u00bbsection\u00bb _builder_version=\u00bb4.16&#8243; global_colors_info=\u00bb{}\u00bb][et_pb_row admin_label=\u00bbrow\u00bb _builder_version=\u00bb4.16&#8243; background_size=\u00bbinitial\u00bb background_position=\u00bbtop_left\u00bb background_repeat=\u00bbrepeat\u00bb global_colors_info=\u00bb{}\u00bb][et_pb_column type=\u00bb4_4&#8243; _builder_version=\u00bb4.16&#8243; custom_padding=\u00bb|||\u00bb global_colors_info=\u00bb{}\u00bb custom_padding__hover=\u00bb|||\u00bb][et_pb_text admin_label=\u00bbText\u00bb _builder_version=\u00bb4.16&#8243; background_size=\u00bbinitial\u00bb background_position=\u00bbtop_left\u00bb background_repeat=\u00bbrepeat\u00bb global_colors_info=\u00bb{}\u00bb][\/et_pb_text][et_pb_heading title=\u00bbRodriguez y Asociados A.C.\u00bb _builder_version=\u00bb4.27.5&#8243; _module_preset=\u00bbdefault\u00bb title_font=\u00bb|600|||||||\u00bb title_text_align=\u00bbcenter\u00bb title_text_color=\u00bb#070d7f\u00bb title_font_size=\u00bb54px\u00bb title_letter_spacing=\u00bb3px\u00bb hover_enabled=\u00bb0&#8243; title_text_shadow_style=\u00bbpreset1&#8243; global_colors_info=\u00bb{}\u00bb sticky_enabled=\u00bb0&#8243; title_font_size_last_edited=\u00bbon|phone\u00bb title_font_size_phone=\u00bb35px\u00bb title_font_size_tablet=\u00bb54px\u00bb][\/et_pb_heading][et_pb_text _builder_version=\u00bb4.27.5&#8243; _module_preset=\u00bbdefault\u00bb text_text_color=\u00bb#000000&#8243; text_font_size=\u00bb24px\u00bb text_orientation=\u00bbcenter\u00bb hover_enabled=\u00bb0&#8243; global_colors_info=\u00bb{}\u00bb text_font_size_last_edited=\u00bbon|phone\u00bb text_font_size_phone=\u00bb20px\u00bb sticky_enabled=\u00bb0&#8243; text_font_size_tablet=\u00bb24px\u00bb]<p>Atendemos casos en\u00a0 Estado de M\u00e9xico y CDMX<\/p>[\/et_pb_text][\/et_pb_column][\/et_pb_row][\/et_pb_section][et_pb_section fb_built=\u00bb1&#8243; module_id=\u00bbSuc\u00bb _builder_version=\u00bb4.27.5&#8243; _module_preset=\u00bbdefault\u00bb hover_enabled=\u00bb0&#8243; global_colors_info=\u00bb{}\u00bb sticky_enabled=\u00bb0&#8243; custom_margin_last_edited=\u00bbon|phone\u00bb custom_margin_phone=\u00bb|20px||20px|false|true\u00bb][et_pb_row column_structure=\u00bb1_2,1_2&#8243; use_custom_gutter=\u00bbon\u00bb gutter_width=\u00bb2&#8243; make_equal=\u00bbon\u00bb _builder_version=\u00bb4.27.5&#8243; _module_preset=\u00bbdefault\u00bb width=\u00bb100%\u00bb max_width=\u00bb1304px\u00bb hover_enabled=\u00bb0&#8243; global_colors_info=\u00bb{}\u00bb custom_margin_last_edited=\u00bbon|phone\u00bb custom_margin_phone=\u00bb||||false|false\u00bb custom_padding_last_edited=\u00bbon|phone\u00bb custom_padding_phone=\u00bb||||false|true\u00bb sticky_enabled=\u00bb0&#8243;][et_pb_column type=\u00bb1_2&#8243; _builder_version=\u00bb4.27.5&#8243; _module_preset=\u00bbdefault\u00bb animation_style=\u00bbslide\u00bb animation_direction=\u00bbleft\u00bb animation_duration=\u00bb1400ms\u00bb global_colors_info=\u00bb{}\u00bb][et_pb_text _builder_version=\u00bb4.27.5&#8243; _module_preset=\u00bbdefault\u00bb text_text_color=\u00bb#000000&#8243; text_font_size=\u00bb18px\u00bb hover_enabled=\u00bb0&#8243; global_colors_info=\u00bb{}\u00bb custom_margin_last_edited=\u00bbon|phone\u00bb custom_margin_phone=\u00bb||||false|true\u00bb sticky_enabled=\u00bb0&#8243;]<p><span>Calle Poniente 2 n\u00famero 36, Col. Nuevo Laredo, Ecatepec, Estado de M\u00e9xico C.P 55080 <\/span><\/p>[\/et_pb_text][et_pb_code _builder_version=\u00bb4.27.5&#8243; _module_preset=\u00bbdefault\u00bb locked=\u00bboff\u00bb global_colors_info=\u00bb{}\u00bb]<iframe src=\"https:\/\/www.google.com\/maps\/embed?pb=!1m18!1m12!1m3!1d3759.152379472801!2d-99.04825728075825!3d19.57797139665912!2m3!1f0!2f0!3f0!3m2!1i1024!2i768!4f13.1!3m3!1m2!1s0x85d1f04d5e70f03b%3A0xe3b914a31573875!2sCalle%202%20Pte.%20Manzana%20016%2C%20Nuevo%20Laredo%2C%2055080%20Ecatepec%20de%20Morelos%2C%20M%C3%A9x.!5e0!3m2!1ses!2smx!4v1765825880390!5m2!1ses!2smx\" width=\"600\" height=\"400\" style=\"border:0;\" allowfullscreen=\"\" loading=\"lazy\" referrerpolicy=\"no-referrer-when-downgrade\"><\/iframe>[\/et_pb_code][\/et_pb_column][et_pb_column type=\u00bb1_2&#8243; _builder_version=\u00bb4.27.5&#8243; _module_preset=\u00bbdefault\u00bb animation_style=\u00bbslide\u00bb animation_direction=\u00bbright\u00bb animation_duration=\u00bb1400ms\u00bb global_colors_info=\u00bb{}\u00bb][et_pb_text _builder_version=\u00bb4.27.5&#8243; _module_preset=\u00bbdefault\u00bb text_text_color=\u00bb#000000&#8243; text_font_size=\u00bb18px\u00bb locked=\u00bboff\u00bb global_colors_info=\u00bb{}\u00bb]<p><span>Av. Circunvalaci\u00f3n n\u00famero 300, Col. Morelos, Alcald\u00eda Venustiano Carranza, Ciudad de M\u00e9xico. <\/span><\/p>[\/et_pb_text][et_pb_code _builder_version=\u00bb4.27.5&#8243; _module_preset=\u00bbdefault\u00bb locked=\u00bboff\u00bb global_colors_info=\u00bb{}\u00bb]<iframe src=\"https:\/\/www.google.com\/maps\/embed?pb=!1m18!1m12!1m3!1d3762.164010818908!2d-99.12469842501272!3d19.4484942818343!2m3!1f0!2f0!3f0!3m2!1i1024!2i768!4f13.1!3m3!1m2!1s0x85d1f947a1d6004d%3A0x56bceaa429dd5d85!2sAv.%20Circunvalaci%C3%B3n%20300%2C%20Morelos%2C%20Venustiano%20Carranza%2C%2015270%20Ciudad%20de%20M%C3%A9xico%2C%20CDMX!5e0!3m2!1ses!2smx!4v1765825604690!5m2!1ses!2smx\" width=\"600\" height=\"400\" style=\"border:0;\" allowfullscreen=\"\" loading=\"lazy\" referrerpolicy=\"no-referrer-when-downgrade\"><\/iframe>[\/et_pb_code][\/et_pb_column][\/et_pb_row][\/et_pb_section]","protected":false},"excerpt":{"rendered":"<p>Atendemos casos en\u00a0 Estado de M\u00e9xico y CDMXCalle Poniente 2 n\u00famero 36, Col. Nuevo Laredo, Ecatepec, Estado de M\u00e9xico C.P 55080 Av. Circunvalaci\u00f3n n\u00famero 300, Col. Morelos, Alcald\u00eda Venustiano Carranza, Ciudad de M\u00e9xico.<\/p>\n","protected":false},"author":1,"featured_media":0,"parent":0,"menu_order":0,"comment_status":"closed","ping_status":"closed","template":"","meta":{"_et_pb_use_builder":"on","_et_pb_old_content":"<!-- wp:divi\/placeholder \/-->","_et_gb_content_width":"","_joinchat":[],"footnotes":""},"class_list":["post-18","page","type-page","status-publish","hentry"],"_links":{"self":[{"href":"https:\/\/rodriguezyasociadosac.com\/index.php?rest_route=\/wp\/v2\/pages\/18","targetHints":{"allow":["GET"]}}],"collection":[{"href":"https:\/\/rodriguezyasociadosac.com\/index.php?rest_route=\/wp\/v2\/pages"}],"about":[{"href":"https:\/\/rodriguezyasociadosac.com\/index.php?rest_route=\/wp\/v2\/types\/page"}],"author":[{"embeddable":true,"href":"https:\/\/rodriguezyasociadosac.com\/index.php?rest_route=\/wp\/v2\/users\/1"}],"replies":[{"embeddable":true,"href":"https:\/\/rodriguezyasociadosac.com\/index.php?rest_route=%2Fwp%2Fv2%2Fcomments&post=18"}],"version-history":[{"count":9,"href":"https:\/\/rodriguezyasociadosac.com\/index.php?rest_route=\/wp\/v2\/pages\/18\/revisions"}],"predecessor-version":[{"id":328,"href":"https:\/\/rodriguezyasociadosac.com\/index.php?rest_route=\/wp\/v2\/pages\/18\/revisions\/328"}],"wp:attachment":[{"href":"https:\/\/rodriguezyasociadosac.com\/index.php?rest_route=%2Fwp%2Fv2%2Fmedia&parent=18"}],"curies":[{"name":"wp","href":"https:\/\/api.w.org\/{rel}","templated":true}]}}